{"id":1970,"date":"2025-04-02T14:53:10","date_gmt":"2025-04-02T12:53:10","guid":{"rendered":"https:\/\/domainebaruteau.fr\/?page_id=1970"},"modified":"2025-05-02T13:45:05","modified_gmt":"2025-05-02T11:45:05","slug":"bon-cadeau","status":"publish","type":"page","link":"https:\/\/domainebaruteau.fr\/en\/bon-cadeau\/","title":{"rendered":"Bon cadeau"},"content":{"rendered":"<div data-elementor-type=\"wp-page\" data-elementor-id=\"1970\" class=\"elementor elementor-1970\" data-elementor-post-type=\"page\">\n\t\t\t\t\t\t<section class=\"elementor-section elementor-top-section elementor-element elementor-element-9b0db97 elementor-section-height-min-height elementor-section-content-middle elementor-section-stretched elementor-section-boxed elementor-section-height-default elementor-section-items-middle exad-glass-effect-no wpr-particle-no wpr-jarallax-no wpr-parallax-no wpr-sticky-section-no wpr-equal-height-no exad-sticky-section-no\" data-id=\"9b0db97\" data-element_type=\"section\" data-e-type=\"section\" data-settings=\"{&quot;background_background&quot;:&quot;classic&quot;,&quot;stretch_section&quot;:&quot;section-stretched&quot;}\">\n\t\t\t\t\t\t\t<div class=\"elementor-background-overlay\"><\/div>\n\t\t\t\t\t\t\t<div class=\"elementor-container elementor-column-gap-default\">\n\t\t\t\t\t<div class=\"elementor-column elementor-col-100 elementor-top-column elementor-element elementor-element-651694a6 exad-glass-effect-no exad-sticky-section-no\" data-id=\"651694a6\" data-element_type=\"column\" data-e-type=\"column\">\n\t\t\t<div class=\"elementor-widget-wrap elementor-element-populated\">\n\t\t\t\t\t\t<div class=\"elementor-element elementor-element-5467ce9 elementor-mobile-align-center elementor-align-center exad-sticky-section-no exad-glass-effect-no elementor-invisible elementor-widget elementor-widget-button\" data-id=\"5467ce9\" data-element_type=\"widget\" data-e-type=\"widget\" data-settings=\"{&quot;_animation&quot;:&quot;fadeInUp&quot;}\" data-widget_type=\"button.default\">\n\t\t\t\t<div class=\"elementor-widget-container\">\n\t\t\t\t\t\t\t\t\t<div class=\"elementor-button-wrapper\">\n\t\t\t\t\t<a class=\"elementor-button elementor-button-link elementor-size-sm elementor-animation-shrink\" href=\"https:\/\/domainebaruteau.fr\/en\/reservation\/\">\n\t\t\t\t\t\t<span class=\"elementor-button-content-wrapper\">\n\t\t\t\t\t\t\t\t\t<span class=\"elementor-button-text\">R\u00e9server<\/span>\n\t\t\t\t\t<\/span>\n\t\t\t\t\t<\/a>\n\t\t\t\t<\/div>\n\t\t\t\t\t\t\t\t<\/div>\n\t\t\t\t<\/div>\n\t\t\t\t\t<\/div>\n\t\t<\/div>\n\t\t\t\t\t<\/div>\n\t\t<\/section>\n\t\t\t\t<section class=\"elementor-section elementor-top-section elementor-element elementor-element-3924c700 elementor-section-content-middle elementor-section-stretched elementor-section-boxed elementor-section-height-default elementor-section-height-default exad-glass-effect-no wpr-particle-no wpr-jarallax-no wpr-parallax-no wpr-sticky-section-no wpr-equal-height-no exad-sticky-section-no\" data-id=\"3924c700\" data-element_type=\"section\" data-e-type=\"section\" data-settings=\"{&quot;stretch_section&quot;:&quot;section-stretched&quot;}\">\n\t\t\t\t\t\t<div class=\"elementor-container elementor-column-gap-default\">\n\t\t\t\t\t<div class=\"elementor-column elementor-col-100 elementor-top-column elementor-element elementor-element-4282acae exad-glass-effect-no exad-sticky-section-no\" data-id=\"4282acae\" data-element_type=\"column\" data-e-type=\"column\">\n\t\t\t<div class=\"elementor-widget-wrap elementor-element-populated\">\n\t\t\t\t\t\t<div class=\"elementor-element elementor-element-445749eb animated-slow exad-sticky-section-no exad-glass-effect-no elementor-invisible elementor-widget elementor-widget-heading\" data-id=\"445749eb\" data-element_type=\"widget\" data-e-type=\"widget\" data-settings=\"{&quot;_animation&quot;:&quot;zoomIn&quot;}\" data-widget_type=\"heading.default\">\n\t\t\t\t<div class=\"elementor-widget-container\">\n\t\t\t\t\t<h1 class=\"elementor-heading-title elementor-size-default\">Offrir un bon cadeau au Domaine Baruteau \u00e0 Soustons<\/h1>\t\t\t\t<\/div>\n\t\t\t\t<\/div>\n\t\t\t\t<div class=\"elementor-element elementor-element-64526467 elementor-widget-divider--view-line exad-sticky-section-no exad-glass-effect-no elementor-widget elementor-widget-divider\" data-id=\"64526467\" data-element_type=\"widget\" data-e-type=\"widget\" data-widget_type=\"divider.default\">\n\t\t\t\t<div class=\"elementor-widget-container\">\n\t\t\t\t\t\t\t<div class=\"elementor-divider\">\n\t\t\t<span class=\"elementor-divider-separator\">\n\t\t\t\t\t\t<\/span>\n\t\t<\/div>\n\t\t\t\t\t\t<\/div>\n\t\t\t\t<\/div>\n\t\t\t\t<div class=\"elementor-element elementor-element-16eac17a exad-sticky-section-no exad-glass-effect-no elementor-widget elementor-widget-text-editor\" data-id=\"16eac17a\" data-element_type=\"widget\" data-e-type=\"widget\" data-widget_type=\"text-editor.default\">\n\t\t\t\t<div class=\"elementor-widget-container\">\n\t\t\t\t\t\t\t\t\t<p>\u00c0 la recherche d\u2019un cadeau raffin\u00e9, original et empreint de sens ? Le Domaine Baruteau vous propose une s\u00e9lection de bons cadeaux dans les Landes, \u00e0 offrir \u00e0 ceux que vous aimez. S\u00e9jour en chambre d\u2019h\u00f4tes de charme, d\u00eener en table d\u2019h\u00f4tes, massage, yoga, ap\u00e9ritif perch\u00e9 ou encore escapade bien-\u00eatre\u2026<\/p><p>Choisissez l\u2019exp\u00e9rience qui leur fera plaisir, dans un \u00e9crin de nature et d\u2019\u00e9l\u00e9gance, \u00e0 Soustons, entre for\u00eat et oc\u00e9an.<\/p>\t\t\t\t\t\t\t\t<\/div>\n\t\t\t\t<\/div>\n\t\t\t\t\t<\/div>\n\t\t<\/div>\n\t\t\t\t\t<\/div>\n\t\t<\/section>\n\t\t\t\t<section class=\"elementor-section elementor-top-section elementor-element elementor-element-34d87dbd elementor-section-content-middle elementor-section-stretched elementor-section-boxed elementor-section-height-default elementor-section-height-default exad-glass-effect-no wpr-particle-no wpr-jarallax-no wpr-parallax-no wpr-sticky-section-no wpr-equal-height-no exad-sticky-section-no\" data-id=\"34d87dbd\" data-element_type=\"section\" data-e-type=\"section\" data-settings=\"{&quot;stretch_section&quot;:&quot;section-stretched&quot;}\">\n\t\t\t\t\t\t<div class=\"elementor-container elementor-column-gap-default\">\n\t\t\t\t\t<div class=\"elementor-column elementor-col-100 elementor-top-column elementor-element elementor-element-1f3620d6 exad-glass-effect-no exad-sticky-section-no\" data-id=\"1f3620d6\" data-element_type=\"column\" data-e-type=\"column\">\n\t\t\t<div class=\"elementor-widget-wrap elementor-element-populated\">\n\t\t\t\t\t\t<div class=\"elementor-element elementor-element-5aaa781 elementor-product-loop-item--align-center elementor-grid-4 elementor-grid-tablet-3 elementor-grid-mobile-2 elementor-products-grid elementor-wc-products exad-sticky-section-no exad-glass-effect-no elementor-widget elementor-widget-woocommerce-products\" data-id=\"5aaa781\" data-element_type=\"widget\" data-e-type=\"widget\" data-widget_type=\"woocommerce-products.default\">\n\t\t\t\t<div class=\"elementor-widget-container\">\n\t\t\t\t\t<div class=\"woocommerce columns-4\"><ul class=\"products elementor-grid columns-4\">\n<li class=\"product type-product post-2537 status-publish first instock product_cat-uncategorized has-post-thumbnail shipping-taxable purchasable product-type-pw-gift-card\">\n\t<a href=\"https:\/\/domainebaruteau.fr\/en\/product\/bon-cadeau\/\" class=\"woocommerce-LoopProduct-link woocommerce-loop-product__link\"><img decoding=\"async\" width=\"230\" height=\"164\" src=\"https:\/\/domainebaruteau.fr\/wp-content\/uploads\/2025\/04\/card-230x164.jpg\" class=\"attachment-woocommerce_thumbnail size-woocommerce_thumbnail\" alt=\"Bon cadeau\" srcset=\"https:\/\/domainebaruteau.fr\/wp-content\/uploads\/2025\/04\/card-230x164.jpg 230w, https:\/\/domainebaruteau.fr\/wp-content\/uploads\/2025\/04\/card-600x429.jpg 600w, https:\/\/domainebaruteau.fr\/wp-content\/uploads\/2025\/04\/card-300x214.jpg 300w, https:\/\/domainebaruteau.fr\/wp-content\/uploads\/2025\/04\/card-18x12.jpg 18w, https:\/\/domainebaruteau.fr\/wp-content\/uploads\/2025\/04\/card.jpg 700w\" sizes=\"(max-width: 230px) 100vw, 230px\" \/><h2 class=\"woocommerce-loop-product__title\">Bon cadeau<\/h2>\n\t<span class=\"price\"><span class=\"woocommerce-Price-amount amount\" aria-hidden=\"true\"><bdi><span class=\"woocommerce-Price-currencySymbol\">&#36;<\/span>10.00<\/bdi><\/span> <span aria-hidden=\"true\">&ndash;<\/span> <span class=\"woocommerce-Price-amount amount\" aria-hidden=\"true\"><bdi><span class=\"woocommerce-Price-currencySymbol\">&#36;<\/span>50.00<\/bdi><\/span><span class=\"screen-reader-text\" data-no-translation=\"\" data-trp-gettext=\"\">Price range: &#36;10.00 through &#36;50.00<\/span><\/span>\n<\/a><a href=\"https:\/\/domainebaruteau.fr\/en\/product\/bon-cadeau\/\" aria-describedby=\"woocommerce_loop_add_to_cart_link_describedby_2537\" data-quantity=\"1\" class=\"button product_type_pw-gift-card add_to_cart_button\" data-product_id=\"2537\" data-product_sku=\"\" aria-label=\"Select options for \u201cBon cadeau\u201d\" rel=\"nofollow\" data-no-translation-aria-label=\"\">Select amount<\/a>\t<span id=\"woocommerce_loop_add_to_cart_link_describedby_2537\" class=\"screen-reader-text\">\n\t\tThis product has multiple variants. The options may be chosen on the product page\t<\/span>\n<\/li>\n<\/ul>\n<\/div>\t\t\t\t<\/div>\n\t\t\t\t<\/div>\n\t\t\t\t\t<\/div>\n\t\t<\/div>\n\t\t\t\t\t<\/div>\n\t\t<\/section>\n\t\t\t\t<\/div>","protected":false},"excerpt":{"rendered":"<p>R\u00e9server Offrir un bon cadeau au Domaine Baruteau \u00e0 Soustons \u00c0 la recherche d\u2019un cadeau raffin\u00e9, original et empreint de sens ? Le Domaine Baruteau vous propose une s\u00e9lection de bons cadeaux dans les Landes, \u00e0 offrir \u00e0 ceux que vous aimez. S\u00e9jour en chambre d\u2019h\u00f4tes de charme, d\u00eener en<\/p>","protected":false},"author":37,"featured_media":0,"parent":0,"menu_order":0,"comment_status":"closed","ping_status":"closed","template":"","meta":{"footnotes":""},"class_list":["post-1970","page","type-page","status-publish","hentry"],"aioseo_notices":[],"_links":{"self":[{"href":"https:\/\/domainebaruteau.fr\/en\/wp-json\/wp\/v2\/pages\/1970","targetHints":{"allow":["GET"]}}],"collection":[{"href":"https:\/\/domainebaruteau.fr\/en\/wp-json\/wp\/v2\/pages"}],"about":[{"href":"https:\/\/domainebaruteau.fr\/en\/wp-json\/wp\/v2\/types\/page"}],"author":[{"embeddable":true,"href":"https:\/\/domainebaruteau.fr\/en\/wp-json\/wp\/v2\/users\/37"}],"replies":[{"embeddable":true,"href":"https:\/\/domainebaruteau.fr\/en\/wp-json\/wp\/v2\/comments?post=1970"}],"version-history":[{"count":16,"href":"https:\/\/domainebaruteau.fr\/en\/wp-json\/wp\/v2\/pages\/1970\/revisions"}],"predecessor-version":[{"id":2878,"href":"https:\/\/domainebaruteau.fr\/en\/wp-json\/wp\/v2\/pages\/1970\/revisions\/2878"}],"wp:attachment":[{"href":"https:\/\/domainebaruteau.fr\/en\/wp-json\/wp\/v2\/media?parent=1970"}],"curies":[{"name":"wp","href":"https:\/\/api.w.org\/{rel}","templated":true}]}}